{"id":19,"date":"2018-08-22T13:36:46","date_gmt":"2018-08-22T11:36:46","guid":{"rendered":"http:\/\/www.jagdgebrauchshunde-vom-gehrenberg.de\/?page_id=19"},"modified":"2021-01-05T18:25:08","modified_gmt":"2021-01-05T17:25:08","slug":"start","status":"publish","type":"page","link":"https:\/\/www.jagdgebrauchshunde-vom-gehrenberg.de\/","title":{"rendered":"Zwinger"},"content":{"rendered":"<section class=\"l-section wpb_row height_medium\"><div class=\"l-section-h i-cf\"><div class=\"g-cols vc_row type_default valign_top\"><div class=\"vc_col-sm-8 wpb_column vc_column_container\"><div class=\"vc_column-inner\"><div class=\"wpb_wrapper\"><div class=\"wpb_text_column\" ><div class=\"wpb_wrapper\"><h3>Herzlich willkommen!<\/h3>\n<p>Auf dieser Webpr\u00e4senz finden Sie Wissenswertes \u00fcber den Jagdgebrauchshunde-Zwinger vom Gehrenberg.<\/p>\n<h2>Die Geschichte meines Zwingers<\/h2>\n<p>Als ich 1965 meine J\u00e4gerpr\u00fcfung ablegte, war mir schon klar dass ich mein J\u00e4gerleben nicht ohne eigenen brauchbaren Hund verbringen wollte.<br \/>\nNeben Rehwild und Enten waren damals noch Hasen und Fasane reichlich in unserem Revier vorhanden. Mein Jugendtraum war ein Vorstehhund und hier hatte ich meine Augen auf den Deutsch-Drahthaar gerichtet. Nach meiner Berufsausbildung 1968 war es dann endlich soweit \u2013 aber woher sollte er kommen, ich hatte ja keine Ahnung. Ein Bekannter war damals im Dienst beim Forstamt in Waldshut und dessen Chef war Ferdinand Brahms. Herr Brams war zu der Zeit 1.Vorsitzender der Deutsch-Drahthaar-Gruppe Baden und Vizepr\u00e4sident des\u00a0<a class=\"dgfettlinie14\" href=\"http:\/\/www.jghv.de\/\">JGHV<\/a>. \u00dcber diese Schiene kam ich im Fr\u00fchjahr 1968 zu meinem ersten Drahthaar-Welpen von einem Z\u00fcchter der Gruppe Mittelrhein. Es war\u00a0<span class=\"dgfett14\">Cita vom Birkhof,<\/span>\u00a0gezogen aus Assia vom Teufelsacker x Backus vom Ostpreussenland \u2013 ein Juwel, wie sich aber erst viel sp\u00e4ter herausstellte.<\/p>\n<p>Ohne Ahnung und ohne Hilfe, mit einer kopierten Pr\u00fcfungsordnung machte ich mich an die Abrichtung und aus heutiger Sicht vieles falsch. Da Cita Gott sei Dank soviel schlauer war als ich, meisterten wir VJP und HZP mehr schlecht als recht. Dann aber ging die Jagdsaison los und aus Cita wurde sehr schnell ein exzellenter Jagdhund \u2013 hart, nervenstark, mit einer hervorragenden Nase und so kam es, dass bald ein paar Nachfragen nach Welpen kamen.<\/p>\n<p>Das war dann der Beginn meiner Drahthaarzucht. Als Cita dann hei\u00df wurde, mu\u00dfte ein passender R\u00fcde gesucht werden. Ein weiterer Bekannter wu\u00dfte, dass da irgendwo im Schw\u00e4bischen bei einem F\u00f6rster ein guter R\u00fcde stehen soll und so kam ich zu Alfred Karle und seinem R\u00fcden Bautz von der Sauwiese. Nun galt es noch einen Zwingernamen zu finden und was lag n\u00e4her, als den Namen unseres Hausberg\u00b4s den\u00a0<a class=\"dgfettlinie14\" href=\"http:\/\/www.gehrenberg-bodensee.de\/\">Gehrenberg<\/a>\u00a0zu nehmen. So nahm das Z\u00fcchten von Deutsch Drahthaar &#8211; bis jetzt \u00fcber mehr als vier Jahrzehnte &#8211; seinen Anfang und heute z\u00fcchte ich in der 9. Generation mit der selben Mutterlinie immer noch gerne und aus \u00dcberzeugung den Deutsch-Drahthaar.<\/p>\n<\/div><\/div><div class=\"w-image align_none\"><div class=\"w-image-h\"><img loading=\"lazy\" decoding=\"async\" width=\"500\" height=\"370\" src=\"https:\/\/www.jagdgebrauchshunde-vom-gehrenberg.de\/wp-content\/uploads\/2021\/01\/130829-33320.jpg\" class=\"attachment-large size-large\" alt=\"\" srcset=\"https:\/\/www.jagdgebrauchshunde-vom-gehrenberg.de\/wp-content\/uploads\/2021\/01\/130829-33320.jpg 500w, https:\/\/www.jagdgebrauchshunde-vom-gehrenberg.de\/wp-content\/uploads\/2021\/01\/130829-33320-300x222.jpg 300w\" sizes=\"auto, (max-width: 500px) 100vw, 500px\" \/><\/div><\/div><div class=\"wpb_text_column\" ><div class=\"wpb_wrapper\"><p><em><span class=\"dgmagerkursiv14\">Hegewald 1977 in M\u00f6nchengladbach, Langegger, Brugger, Winter<\/span><\/em><\/p>\n<\/div><\/div><div class=\"wpb_text_column\" ><div class=\"wpb_wrapper\"><p>m \u00fcber viele Jahrzehnte in unserem Niederwildrevier auch den Fuchs etwas k\u00fcrzer zu halten, habe ich von meinem Vater 1972 die Teckelzucht \u00fcbernommen. Er war damals mit seinen roten Langhaarteckeln &#8211; was die jagdliche Veranlagung anbetrifft \u2013 gescheitert und so kam es, dass ich mir aus der N\u00e4he von Osnabr\u00fcck einen Rauhhaarwelpen kaufte. Im Laufe der Jahre habe ich bei den Teckeln vieles ausprobiert, leider nicht so konsequent und zielstrebig wie bei den DD, hatte aber f\u00fcr die Bauarbeit und f\u00fcr die Fuchsjagd allgemein viele sehr gute Hunde. Sicherlich kam das auch durch die vielen F\u00fcchse in den 80er und 90er Jahren und die damit verbundene Arbeit.<\/p>\n<p>Als ich in der Jagdsaison 2001-2002 durch verschiedene Umst\u00e4nde 3 gute Teckel verloren habe und die Schwarzwildbest\u00e4nde immer mehr zunahmen, habe ich mir bei einem guten Z\u00fcchter einen Glatthaar Foxterrier-Welpen geholt. Dieser wurde mir aber mit ca. 6 Monaten \u00fcberfahren \u2013 die Trauer in der Familie war gro\u00df und so mu\u00dfte so schnell wie m\u00f6glich wieder einer her. Telefonisch kam ich durch ganz Deutschland und \u00d6sterreich, es war nichts zu finden und so bin ich durch Empfehlung in der Tschechei gelandet, wo eine gute H\u00fcndin ca. 5 Wochen tr\u00e4chtig war. Ein Welpe wurde bestellt und sp\u00e4ter auch geholt. Auch hier hatte ich wiederum sehr viel Gl\u00fcck mit dieser tschechischen Mutterlinie, brachte sie doch sehr viel Schneid mit. So habe ich mir \u00fcber sehr gute deutsche Linien den Spurlaut gefestigt. Sind doch aus meiner kleinen Zucht in den letzten Jahren viele gute Sauj\u00e4ger hervorgegangen.<\/p>\n<p>Was w\u00e4re aber all das M\u00fchen der Z\u00fcchter, wenn wir nicht unsere F\u00fchrer, Freunde und auch Helfer h\u00e4tten, die sich mit viel M\u00fche und Flei\u00df f\u00fcr die Abrichtung unserer Hunde einsetzen. Bei all denen m\u00f6chte ich mich an dieser Stelle einmal ganz herzlich bedanken.<\/p>\n<p>Waidmannsheil<\/p>\n<\/div><\/div><div class=\"w-image align_none\"><div class=\"w-image-h\"><img loading=\"lazy\" decoding=\"async\" width=\"209\" height=\"35\" src=\"https:\/\/www.jagdgebrauchshunde-vom-gehrenberg.de\/wp-content\/uploads\/2021\/01\/oskar.png\" class=\"attachment-large size-large\" alt=\"\" \/><\/div><\/div><\/div><\/div><\/div><div class=\"vc_col-sm-4 wpb_column vc_column_container\"><div class=\"vc_column-inner\"><div class=\"wpb_wrapper\"><div class=\"w-image us_custom_3090c82c align_none\"><div class=\"w-image-h\"><img loading=\"lazy\" decoding=\"async\" width=\"340\" height=\"375\" src=\"https:\/\/www.jagdgebrauchshunde-vom-gehrenberg.de\/wp-content\/uploads\/2021\/01\/130829-33321.jpg\" class=\"attachment-large size-large\" alt=\"\" srcset=\"https:\/\/www.jagdgebrauchshunde-vom-gehrenberg.de\/wp-content\/uploads\/2021\/01\/130829-33321.jpg 340w, https:\/\/www.jagdgebrauchshunde-vom-gehrenberg.de\/wp-content\/uploads\/2021\/01\/130829-33321-272x300.jpg 272w\" sizes=\"auto, (max-width: 340px) 100vw, 340px\" \/><\/div><\/div><div class=\"wpb_text_column us_custom_b2452879\" ><div class=\"wpb_wrapper\"><p class=\"dgmagerkursiv14\"><em>Oskar mit Cita 1968\/1969<\/em><\/p>\n<\/div><\/div><div class=\"w-image align_none\"><div class=\"w-image-h\"><img loading=\"lazy\" decoding=\"async\" width=\"340\" height=\"361\" src=\"https:\/\/www.jagdgebrauchshunde-vom-gehrenberg.de\/wp-content\/uploads\/2021\/01\/130829-33317.jpg\" class=\"attachment-large size-large\" alt=\"\" srcset=\"https:\/\/www.jagdgebrauchshunde-vom-gehrenberg.de\/wp-content\/uploads\/2021\/01\/130829-33317.jpg 340w, https:\/\/www.jagdgebrauchshunde-vom-gehrenberg.de\/wp-content\/uploads\/2021\/01\/130829-33317-283x300.jpg 283w\" sizes=\"auto, (max-width: 340px) 100vw, 340px\" \/><\/div><\/div><div class=\"wpb_text_column us_custom_b2452879\" ><div class=\"wpb_wrapper\"><p class=\"dgmagerkursiv14\"><em>Tochter Sandra mit Cita und Welpe vom E-Wurf<\/em><\/p>\n<\/div><\/div><div class=\"w-image align_none\"><div class=\"w-image-h\"><img loading=\"lazy\" decoding=\"async\" width=\"381\" height=\"340\" src=\"https:\/\/www.jagdgebrauchshunde-vom-gehrenberg.de\/wp-content\/uploads\/2021\/01\/130829-33318.jpg\" class=\"attachment-large size-large\" alt=\"\" srcset=\"https:\/\/www.jagdgebrauchshunde-vom-gehrenberg.de\/wp-content\/uploads\/2021\/01\/130829-33318.jpg 381w, https:\/\/www.jagdgebrauchshunde-vom-gehrenberg.de\/wp-content\/uploads\/2021\/01\/130829-33318-300x268.jpg 300w\" sizes=\"auto, (max-width: 381px) 100vw, 381px\" \/><\/div><\/div><div class=\"wpb_text_column\" ><div class=\"wpb_wrapper\"><p class=\"dgmagerkursiv14\"><em>Leica vom Gehrenberg<\/em><\/p>\n<\/div><\/div><div class=\"w-image align_none\"><div class=\"w-image-h\"><img loading=\"lazy\" decoding=\"async\" width=\"340\" height=\"230\" src=\"https:\/\/www.jagdgebrauchshunde-vom-gehrenberg.de\/wp-content\/uploads\/2021\/01\/130829-33319.jpg\" class=\"attachment-large size-large\" alt=\"\" srcset=\"https:\/\/www.jagdgebrauchshunde-vom-gehrenberg.de\/wp-content\/uploads\/2021\/01\/130829-33319.jpg 340w, https:\/\/www.jagdgebrauchshunde-vom-gehrenberg.de\/wp-content\/uploads\/2021\/01\/130829-33319-300x203.jpg 300w\" sizes=\"auto, (max-width: 340px) 100vw, 340px\" \/><\/div><\/div><div class=\"wpb_text_column\" ><div class=\"wpb_wrapper\"><p class=\"dgmagerkursiv14\"><em>Carlo von der Tobelhalde 1977 &#8211; einer meiner Besten!<\/em><\/p>\n<\/div><\/div><div class=\"w-image align_none\"><div class=\"w-image-h\"><img loading=\"lazy\" decoding=\"async\" width=\"340\" height=\"241\" src=\"https:\/\/www.jagdgebrauchshunde-vom-gehrenberg.de\/wp-content\/uploads\/2021\/01\/130829-33316.jpg\" class=\"attachment-large size-large\" alt=\"\" srcset=\"https:\/\/www.jagdgebrauchshunde-vom-gehrenberg.de\/wp-content\/uploads\/2021\/01\/130829-33316.jpg 340w, https:\/\/www.jagdgebrauchshunde-vom-gehrenberg.de\/wp-content\/uploads\/2021\/01\/130829-33316-300x213.jpg 300w\" sizes=\"auto, (max-width: 340px) 100vw, 340px\" \/><\/div><\/div><div class=\"wpb_text_column\" ><div class=\"wpb_wrapper\"><div id=\"inhalt\">\n<div id=\"rechte_Spalte\">\n<p class=\"dgmagerkursiv14\"><em>VJP 1982 in Riedlingen, Brugger, Langegger, F\u00fcrst<\/em><\/p>\n<div id=\"linke_Spalte2\"><\/div>\n<\/div>\n<\/div>\n<\/div><\/div><\/div><\/div><\/div><\/div><\/div><\/section>\n","protected":false},"excerpt":{"rendered":"Herzlich willkommen! Auf dieser Webpr\u00e4senz finden Sie Wissenswertes \u00fcber den Jagdgebrauchshunde-Zwinger vom Gehrenberg. Die Geschichte meines Zwingers Als ich 1965 meine J\u00e4gerpr\u00fcfung ablegte, war mir schon klar dass ich mein J\u00e4gerleben nicht ohne eigenen brauchbaren Hund verbringen wollte. Neben Rehwild und Enten waren damals noch Hasen und Fasane reichlich in unserem Revier vorhanden. Mein Jugendtraum...","protected":false},"author":1,"featured_media":0,"parent":0,"menu_order":0,"comment_status":"closed","ping_status":"closed","template":"","meta":{"footnotes":""},"class_list":["post-19","page","type-page","status-publish","hentry"],"_links":{"self":[{"href":"https:\/\/www.jagdgebrauchshunde-vom-gehrenberg.de\/index.php?rest_route=\/wp\/v2\/pages\/19","targetHints":{"allow":["GET"]}}],"collection":[{"href":"https:\/\/www.jagdgebrauchshunde-vom-gehrenberg.de\/index.php?rest_route=\/wp\/v2\/pages"}],"about":[{"href":"https:\/\/www.jagdgebrauchshunde-vom-gehrenberg.de\/index.php?rest_route=\/wp\/v2\/types\/page"}],"author":[{"embeddable":true,"href":"https:\/\/www.jagdgebrauchshunde-vom-gehrenberg.de\/index.php?rest_route=\/wp\/v2\/users\/1"}],"replies":[{"embeddable":true,"href":"https:\/\/www.jagdgebrauchshunde-vom-gehrenberg.de\/index.php?rest_route=%2Fwp%2Fv2%2Fcomments&post=19"}],"version-history":[{"count":0,"href":"https:\/\/www.jagdgebrauchshunde-vom-gehrenberg.de\/index.php?rest_route=\/wp\/v2\/pages\/19\/revisions"}],"wp:attachment":[{"href":"https:\/\/www.jagdgebrauchshunde-vom-gehrenberg.de\/index.php?rest_route=%2Fwp%2Fv2%2Fmedia&parent=19"}],"curies":[{"name":"wp","href":"https:\/\/api.w.org\/{rel}","templated":true}]}}