{"id":1204,"date":"2021-01-05T19:10:09","date_gmt":"2021-01-05T18:10:09","guid":{"rendered":"http:\/\/www.jagdgebrauchshunde-vom-gehrenberg.de\/?page_id=1204"},"modified":"2021-07-13T16:20:02","modified_gmt":"2021-07-13T14:20:02","slug":"teckel","status":"publish","type":"page","link":"https:\/\/www.jagdgebrauchshunde-vom-gehrenberg.de\/?page_id=1204","title":{"rendered":"Teckel"},"content":{"rendered":"<section class=\"l-section wpb_row height_medium\"><div class=\"l-section-h i-cf\"><div class=\"g-cols vc_row type_default valign_top\"><div class=\"vc_col-sm-12 wpb_column vc_column_container\"><div class=\"vc_column-inner\"><div class=\"wpb_wrapper\"><div class=\"wpb_text_column\" ><div class=\"wpb_wrapper\"><p class=\"dgmager14\">Um \u00fcber viele Jahrzehnte in unserem Niederwildrevier auch den Fuchs etwas k\u00fcrzer zu halten, habe ich von meinem Vater 1972 die Teckelzucht \u00fcbernommen. Im Laufe der Jahre habe ich bei den Teckeln vieles ausprobiert, und hatte f\u00fcr die Bauarbeit und f\u00fcr die Fuchsjagd allgemein viele sehr gute Hunde. Sicherlich kam das auch durch die vielen F\u00fcchse in den 80er und 90er Jahren und die damit verbundene Arbeit.<\/p>\n<\/div><\/div><\/div><\/div><\/div><\/div><\/div><\/section><section class=\"l-section wpb_row height_medium\"><div class=\"l-section-h i-cf\"><div class=\"g-cols vc_row type_default valign_middle\"><div class=\"vc_col-sm-8 wpb_column vc_column_container\"><div class=\"vc_column-inner\"><div class=\"wpb_wrapper\"><div class=\"w-image us_custom_3090c82c align_none\"><div class=\"w-image-h\"><img loading=\"lazy\" decoding=\"async\" width=\"530\" height=\"353\" src=\"https:\/\/www.jagdgebrauchshunde-vom-gehrenberg.de\/wp-content\/uploads\/2021\/01\/130926-0466.jpg\" class=\"attachment-large size-large\" alt=\"\" srcset=\"https:\/\/www.jagdgebrauchshunde-vom-gehrenberg.de\/wp-content\/uploads\/2021\/01\/130926-0466.jpg 530w, https:\/\/www.jagdgebrauchshunde-vom-gehrenberg.de\/wp-content\/uploads\/2021\/01\/130926-0466-300x200.jpg 300w\" sizes=\"auto, (max-width: 530px) 100vw, 530px\" \/><\/div><\/div><\/div><\/div><\/div><div class=\"vc_col-sm-4 wpb_column vc_column_container\"><div class=\"vc_column-inner\"><div class=\"wpb_wrapper\"><div class=\"wpb_text_column\" ><div class=\"wpb_wrapper\"><h3 class=\"dgfett18\">Neele von der Tobelhalde<\/h3>\n<p>Wurftag 14.07.2012<\/p>\n<p class=\"dgmager14\">Mutter: Brinka von der\u00a0Tobelhalde<strong><br \/>\n<\/strong>Vater: Balduin vom Kesselbuch<\/p>\n<p><span class=\"dgmager14\">F<\/span>w.V Lz.SfK, Sp\/J., sg<br \/>\nverstorben<\/p>\n<\/div><\/div><\/div><\/div><\/div><\/div><\/div><\/section><section class=\"l-section wpb_row height_medium\"><div class=\"l-section-h i-cf\"><div class=\"g-cols vc_row type_default valign_middle\"><div class=\"vc_col-sm-8 wpb_column vc_column_container\"><div class=\"vc_column-inner\"><div class=\"wpb_wrapper\"><div class=\"w-image us_custom_3090c82c align_none\"><div class=\"w-image-h\"><img loading=\"lazy\" decoding=\"async\" width=\"530\" height=\"398\" src=\"https:\/\/www.jagdgebrauchshunde-vom-gehrenberg.de\/wp-content\/uploads\/2021\/01\/P1000627.jpg\" class=\"attachment-large size-large\" alt=\"\" srcset=\"https:\/\/www.jagdgebrauchshunde-vom-gehrenberg.de\/wp-content\/uploads\/2021\/01\/P1000627.jpg 530w, https:\/\/www.jagdgebrauchshunde-vom-gehrenberg.de\/wp-content\/uploads\/2021\/01\/P1000627-300x225.jpg 300w\" sizes=\"auto, (max-width: 530px) 100vw, 530px\" \/><\/div><\/div><\/div><\/div><\/div><div class=\"vc_col-sm-4 wpb_column vc_column_container\"><div class=\"vc_column-inner\"><div class=\"wpb_wrapper\"><div class=\"wpb_text_column\" ><div class=\"wpb_wrapper\"><h3 class=\"dgfett18\">Dorle von der Tobelhalde<\/h3>\n<p>Wurftag 20.05.2014<\/p>\n<p><span class=\"dgmager14\">Mutter: Neele von der Tobelhalde<strong><br \/>\n<\/strong>Vater: Onixoscar vo der Bismarkeiche<\/span><\/p>\n<p><span class=\"dgmager14\">Sp, BhFk 95 FW: V<\/span><\/p>\n<\/div><\/div><\/div><\/div><\/div><\/div><\/div><\/section><section class=\"l-section wpb_row height_medium\"><div class=\"l-section-h i-cf\"><div class=\"g-cols vc_row type_default valign_middle\"><div class=\"vc_col-sm-8 wpb_column vc_column_container\"><div class=\"vc_column-inner\"><div class=\"wpb_wrapper\"><div class=\"w-image us_custom_3090c82c align_none\"><div class=\"w-image-h\"><img loading=\"lazy\" decoding=\"async\" width=\"530\" height=\"398\" src=\"https:\/\/www.jagdgebrauchshunde-vom-gehrenberg.de\/wp-content\/uploads\/2021\/01\/P10105801.jpg\" class=\"attachment-large size-large\" alt=\"\" srcset=\"https:\/\/www.jagdgebrauchshunde-vom-gehrenberg.de\/wp-content\/uploads\/2021\/01\/P10105801.jpg 530w, https:\/\/www.jagdgebrauchshunde-vom-gehrenberg.de\/wp-content\/uploads\/2021\/01\/P10105801-300x225.jpg 300w\" sizes=\"auto, (max-width: 530px) 100vw, 530px\" \/><\/div><\/div><\/div><\/div><\/div><div class=\"vc_col-sm-4 wpb_column vc_column_container\"><div class=\"vc_column-inner\"><div class=\"wpb_wrapper\"><div class=\"wpb_text_column\" ><div class=\"wpb_wrapper\"><h3 class=\"dgfett18\">Ria von der Tobelhalde<\/h3>\n<p class=\"dgmager14\">Wurftag: 21.07.2017<\/p>\n<p class=\"dgmager14\">Mutter: Orle von der Tobelhalde<strong><br \/>\n<\/strong>Vater: Falk vom Lohergraf<\/p>\n<\/div><\/div><\/div><\/div><\/div><\/div><\/div><\/section><section class=\"l-section wpb_row height_medium\"><div class=\"l-section-h i-cf\"><div class=\"g-cols vc_row type_default valign_middle\"><div class=\"vc_col-sm-8 wpb_column vc_column_container\"><div class=\"vc_column-inner\"><div class=\"wpb_wrapper\"><div class=\"w-image us_custom_cfb07384 align_none\"><div class=\"w-image-h\"><img loading=\"lazy\" decoding=\"async\" width=\"1000\" height=\"750\" src=\"https:\/\/www.jagdgebrauchshunde-vom-gehrenberg.de\/wp-content\/uploads\/2021\/07\/P10005491-1024x768.jpg\" class=\"attachment-large size-large\" alt=\"\" srcset=\"https:\/\/www.jagdgebrauchshunde-vom-gehrenberg.de\/wp-content\/uploads\/2021\/07\/P10005491-1024x768.jpg 1024w, https:\/\/www.jagdgebrauchshunde-vom-gehrenberg.de\/wp-content\/uploads\/2021\/07\/P10005491-300x225.jpg 300w, https:\/\/www.jagdgebrauchshunde-vom-gehrenberg.de\/wp-content\/uploads\/2021\/07\/P10005491-768x576.jpg 768w, https:\/\/www.jagdgebrauchshunde-vom-gehrenberg.de\/wp-content\/uploads\/2021\/07\/P10005491-scaled.jpg 2048w\" sizes=\"auto, (max-width: 1000px) 100vw, 1000px\" \/><\/div><\/div><\/div><\/div><\/div><div class=\"vc_col-sm-4 wpb_column vc_column_container\"><div class=\"vc_column-inner\"><div class=\"wpb_wrapper\"><div class=\"wpb_text_column\" ><div class=\"wpb_wrapper\"><h3 class=\"dgfett18\">Sissi von der Tobelhalde<\/h3>\n<p class=\"dgmager14\">Mutter: Orle von der Tobelhalde<strong><br \/>\n<\/strong>Vater: Fez vom Erdinger Rauhhaar<\/p>\n<p>\u00a0BHP 1+2, SP<\/p>\n<\/div><\/div><\/div><\/div><\/div><\/div><\/div><\/section>\n","protected":false},"excerpt":{"rendered":"Um \u00fcber viele Jahrzehnte in unserem Niederwildrevier auch den Fuchs etwas k\u00fcrzer zu halten, habe ich von meinem Vater 1972 die Teckelzucht \u00fcbernommen. Im Laufe der Jahre habe ich bei den Teckeln vieles ausprobiert, und hatte f\u00fcr die Bauarbeit und f\u00fcr die Fuchsjagd allgemein viele sehr gute Hunde. Sicherlich kam das auch durch die vielen...","protected":false},"author":1,"featured_media":0,"parent":0,"menu_order":0,"comment_status":"closed","ping_status":"closed","template":"","meta":{"footnotes":""},"class_list":["post-1204","page","type-page","status-publish","hentry"],"_links":{"self":[{"href":"https:\/\/www.jagdgebrauchshunde-vom-gehrenberg.de\/index.php?rest_route=\/wp\/v2\/pages\/1204","targetHints":{"allow":["GET"]}}],"collection":[{"href":"https:\/\/www.jagdgebrauchshunde-vom-gehrenberg.de\/index.php?rest_route=\/wp\/v2\/pages"}],"about":[{"href":"https:\/\/www.jagdgebrauchshunde-vom-gehrenberg.de\/index.php?rest_route=\/wp\/v2\/types\/page"}],"author":[{"embeddable":true,"href":"https:\/\/www.jagdgebrauchshunde-vom-gehrenberg.de\/index.php?rest_route=\/wp\/v2\/users\/1"}],"replies":[{"embeddable":true,"href":"https:\/\/www.jagdgebrauchshunde-vom-gehrenberg.de\/index.php?rest_route=%2Fwp%2Fv2%2Fcomments&post=1204"}],"version-history":[{"count":0,"href":"https:\/\/www.jagdgebrauchshunde-vom-gehrenberg.de\/index.php?rest_route=\/wp\/v2\/pages\/1204\/revisions"}],"wp:attachment":[{"href":"https:\/\/www.jagdgebrauchshunde-vom-gehrenberg.de\/index.php?rest_route=%2Fwp%2Fv2%2Fmedia&parent=1204"}],"curies":[{"name":"wp","href":"https:\/\/api.w.org\/{rel}","templated":true}]}}